{"id":1190,"date":"2016-12-12T19:28:23","date_gmt":"2016-12-12T19:28:23","guid":{"rendered":"http:\/\/g3f3d34.sergiventura.com\/?page_id=1190\/"},"modified":"2018-05-02T09:33:14","modified_gmt":"2018-05-02T08:33:14","slug":"sobre-mi","status":"publish","type":"page","link":"https:\/\/www.sergiventura.com\/es\/sobre-mi\/","title":{"rendered":"Sobre mi"},"content":{"rendered":"<p>[vc_row][vc_column width=\u00bb2\/3&#8243;][vc_empty_space height=\u00bb34px\u00bb][vc_column_text el_class=\u00bbsmall\u00bb]<\/p>\n<h4>Sergi Ventura<\/h4>\n<p>[\/vc_column_text][vc_column_text]<\/p>\n<h3 style=\"text-align: left;\">Mi objetivo es capturar una idea y convertirla en un dise\u00f1o ic\u00f3nico con funcionalidad y belleza para decorar espacios que quieren ser \u00fanicos.<\/h3>\n<p>[\/vc_column_text][vc_empty_space height=\u00bb45px\u00bb][vc_column_text]<\/p>\n<h4>Mi visi\u00f3n del dise\u00f1o<\/h4>\n<p>[\/vc_column_text][vc_column_text]<\/p>\n<p style=\"text-align: left;\">Me gusta buscar el l\u00edmite entre el arte y el dise\u00f1o funcional para poder explorar la belleza de los objetos y convertirlos en productos originales. El resultado son dise\u00f1os sin restricciones de tecnolog\u00edas ni materiales para decorar espacios \u00fanicos.<\/p>\n<p>[\/vc_column_text][vc_empty_space height=\u00bb45px\u00bb][\/vc_column][vc_column width=\u00bb1\/3&#8243;][\/vc_column][\/vc_row][vc_row full_width=\u00bbstretch_row\u00bb][vc_column width=\u00bb2\/3&#8243;][vc_column_text]<\/p>\n<h4>Sobre m\u00ed<\/h4>\n<p>[\/vc_column_text][vc_column_text]Soy dise\u00f1ador de producto con sede en Banyoles, nacido en Figueres, Espa\u00f1a.<\/p>\n<p>Despu\u00e9s de crecer en Figueres, me traslad\u00e9 a Girona para estudiar Ingenier\u00eda del Dise\u00f1o Industrial y Desarrollo del Producto. En 2008 me fui a San Francisco (CA) donde comenc\u00e9 a trabajar en el dise\u00f1o de productos, gr\u00e1fico y packaging.<\/p>\n<p>En 2010 empec\u00e9 a trabajar por cuenta propia para distintas empresas y estudios de dise\u00f1o de producto, habiendo desarrollado productos industriales, muebles, iluminaci\u00f3n y productos m\u00e9dicos. En la mayor\u00eda de los proyectos he tenido que realizar una gran parte de los procesos, desde el dise\u00f1o, ejecuci\u00f3n y supervisi\u00f3n de la producci\u00f3n hasta el dise\u00f1o de la identidad corporativa y la programaci\u00f3n del sitio web.[\/vc_column_text][vc_column_text]Paralelamente, como dise\u00f1ador y ofrecer mi servicio de dise\u00f1o para otras empresas, en 2017 inicio una nueva etapa con el lanzamiento de mi proyecto personal, creando mi propia l\u00ednea de productos en el sector de la iluminaci\u00f3n, una colecci\u00f3n de l\u00e1mparas de dise\u00f1o ic\u00f3nico, donde la creatividad es el principal medio para tratar de conseguir que cada producto emocione. Un proyecto en el que realizo todas las fases desde el concepto y el desarrollo del producto hasta la programaci\u00f3n y el grafismo.[\/vc_column_text][vc_empty_space height=\u00bb45px\u00bb][\/vc_column][vc_column width=\u00bb1\/3&#8243; offset=\u00bbvc_hidden-xs\u00bb][vc_empty_space height=\u00bb45px\u00bb][vc_single_image image=\u00bb3717&#8243; img_size=\u00bb500&#215;600&#8243; alignment=\u00bbcenter\u00bb][vc_empty_space height=\u00bb40px\u00bb][\/vc_column][\/vc_row][vc_row][vc_column width=\u00bb2\/3&#8243;][vc_column_text]<\/p>\n<h4>Colaboraciones<\/h4>\n<p>[\/vc_column_text][vc_column_text]<\/p>\n<p style=\"text-align: left;\">Con oficinas en Girona y Barcelona (Espa\u00f1a) mi principal objetivo es trabajar en nuevos desaf\u00edos y proyectos continuamente. Puedes <a href=\"https:\/\/www.sergiventura.com\/es\/contactar\/\">contactar<\/a> conmigo o consultar mis servicios de\u00a0<a href=\"https:\/\/www.sergiventura.com\/es\/disenador-industrial\/\">dise\u00f1ador industrial freelance<\/a>.<\/p>\n<p>[\/vc_column_text][vc_empty_space height=\u00bb45px\u00bb][\/vc_column][vc_column width=\u00bb1\/3&#8243;][\/vc_column][\/vc_row][vc_row][vc_column width=\u00bb2\/3&#8243; offset=\u00bbvc_hidden-xs\u00bb][vc_column_text]<\/p>\n<h4>\u00daltimos recortes de prensa<\/h4>\n<p>[\/vc_column_text][vc_empty_space height=\u00bb20px\u00bb][vc_row_inner][vc_column_inner width=\u00bb1\/2&#8243;][vc_single_image image=\u00bb3824&#8243; img_size=\u00bblarge\u00bb add_caption=\u00bbyes\u00bb style=\u00bbvc_box_shadow\u00bb el_class=\u00bbcaptionsmall\u00bb][vc_empty_space][\/vc_column_inner][vc_column_inner width=\u00bb1\/2&#8243;][vc_single_image image=\u00bb3826&#8243; img_size=\u00bblarge\u00bb add_caption=\u00bbyes\u00bb style=\u00bbvc_box_shadow\u00bb el_class=\u00bbcaptionsmall\u00bb][vc_empty_space][\/vc_column_inner][\/vc_row_inner][vc_row_inner][vc_column_inner width=\u00bb1\/2&#8243;][vc_single_image image=\u00bb3832&#8243; img_size=\u00bblarge\u00bb add_caption=\u00bbyes\u00bb style=\u00bbvc_box_shadow\u00bb el_class=\u00bbcaptionsmall\u00bb][vc_empty_space][\/vc_column_inner][vc_column_inner width=\u00bb1\/2&#8243;][vc_single_image image=\u00bb3830&#8243; img_size=\u00bblarge\u00bb add_caption=\u00bbyes\u00bb style=\u00bbvc_box_shadow\u00bb el_class=\u00bbcaptionsmall\u00bb][vc_empty_space][\/vc_column_inner][\/vc_row_inner][vc_row_inner][vc_column_inner width=\u00bb1\/2&#8243;][vc_single_image image=\u00bb3836&#8243; img_size=\u00bblarge\u00bb add_caption=\u00bbyes\u00bb style=\u00bbvc_box_shadow\u00bb el_class=\u00bbcaptionsmall\u00bb][vc_empty_space][\/vc_column_inner][vc_column_inner width=\u00bb1\/2&#8243;][vc_single_image image=\u00bb3838&#8243; img_size=\u00bblarge\u00bb add_caption=\u00bbyes\u00bb style=\u00bbvc_box_shadow\u00bb el_class=\u00bbcaptionsmall\u00bb][vc_empty_space][\/vc_column_inner][\/vc_row_inner][vc_row_inner][vc_column_inner width=\u00bb1\/2&#8243;][vc_single_image image=\u00bb3828&#8243; img_size=\u00bblarge\u00bb add_caption=\u00bbyes\u00bb style=\u00bbvc_box_shadow\u00bb el_class=\u00bbcaptionsmall\u00bb][vc_empty_space][\/vc_column_inner][vc_column_inner width=\u00bb1\/2&#8243;][vc_single_image image=\u00bb3834&#8243; img_size=\u00bblarge\u00bb add_caption=\u00bbyes\u00bb style=\u00bbvc_box_shadow\u00bb el_class=\u00bbcaptionsmall\u00bb][vc_empty_space][\/vc_column_inner][\/vc_row_inner][\/vc_column][vc_column width=\u00bb1\/3&#8243;][\/vc_column][\/vc_row][vc_row disable_element=\u00bbyes\u00bb][vc_column width=\u00bb2\/3&#8243;][vc_column_text]<\/p>\n<p style=\"text-align: left;\">El dise\u00f1o industrial no es f\u00e1cil, una gran mayor\u00eda de los productos en el mundo fracasan,\u00a0por lo que mis servicios como\u00a0<strong>dise\u00f1ador industrial<\/strong>\u00a0aportan valor a las empresas para aumentar el ratio de \u00e9xito. \u00bfQuieres que trabajemos juntos? Consulta\u00a0mis servicios como\u00a0<a href=\"https:\/\/www.sergiventura.com\/es\/disenador-industrial\/\">dise\u00f1ador industrial freelance<\/a>.<\/p>\n<p>[\/vc_column_text][\/vc_column][vc_column width=\u00bb1\/3&#8243;][vc_column_text el_class=\u00bbsmall\u00bb]<\/p>\n<h3>Contacto<\/h3>\n<p>[\/vc_column_text]\n                <div class='gf_browser_gecko gform_wrapper contact_wrapper' id='gform_wrapper_1' ><div id='gf_1' class='gform_anchor' tabindex='-1'><\/div><form method='post' enctype='multipart\/form-data' target='gform_ajax_frame_1' id='gform_1' class='contact' action='\/es\/wp-json\/wp\/v2\/pages\/1190#gf_1'>\n                        <div class='gform_body'><ul id='gform_fields_1' class='gform_fields top_label form_sublabel_below description_below'><li id='field_1_1'  class='gfield gf_left_half gfield_contains_required field_sublabel_below field_description_below gfield_visibility_visible' ><label class='gfield_label' for='input_1_1' ><span class='gfield_required'>*<\/span><\/label><div class='ginput_container ginput_container_text'><input name='input_1' id='input_1_1' type='text' value='' class='large'    placeholder='Nombre' aria-required=\"true\" aria-invalid=\"false\" \/><\/div><\/li><li id='field_1_2'  class='gfield gf_right_half gfield_contains_required field_sublabel_below field_description_below gfield_visibility_visible' ><label class='gfield_label' for='input_1_2' ><span class='gfield_required'>*<\/span><\/label><div class='ginput_container ginput_container_email'>\n                            <input name='input_2' id='input_1_2' type='text' value='' class='large'   placeholder='Email' aria-required=\"true\" aria-invalid=\"false\" \/>\n                        <\/div><\/li><li id='field_1_6'  class='gfield gform_hidden field_sublabel_below field_description_below gfield_visibility_visible' ><input name='input_6' id='input_1_6' type='hidden' class='gform_hidden'  aria-invalid=\"false\" value='https:\/\/www.sergiventura.com\/es\/wp-json\/wp\/v2\/pages\/1190' \/><\/li><li id='field_1_5'  class='gfield gfield_contains_required field_sublabel_below field_description_below gfield_visibility_visible' ><label class='gfield_label' for='input_1_5' ><span class='gfield_required'>*<\/span><\/label><div class='ginput_container ginput_container_textarea'><textarea name='input_5' id='input_1_5' class='textarea medium'    placeholder='Mensaje' aria-required=\"true\" aria-invalid=\"false\"   rows='10' cols='50'><\/textarea><\/div><\/li><li id='field_1_7'  class='gfield gfield_contains_required field_sublabel_below field_description_below gfield_visibility_visible' ><label class='gfield_label'  ><span class='gfield_required'>*<\/span><\/label><div class='ginput_container ginput_container_checkbox'><ul class='gfield_checkbox' id='input_1_7'><li class='gchoice_1_7_1'>\n\t\t\t\t\t\t\t\t<input name='input_7.1' type='checkbox'  value='Acepto la pol\u00edtica de privacidad y doy el consentimiento informado.'  id='choice_1_7_1'   \/>\n\t\t\t\t\t\t\t\t<label for='choice_1_7_1' id='label_1_7_1'>Acepto la pol\u00edtica de privacidad y doy el consentimiento informado.<\/label>\n\t\t\t\t\t\t\t<\/li><\/ul><\/div><div class='gfield_description' id='gfield_description_1_7'><strong>Informaci\u00f3n b\u00e1sica sobre protecci\u00f3n de datos:<\/strong> Responsable: Sergi Ventura Conesa. Finalidad: desarrollar su actividad comercial y remitir comunicaciones comerciales a los usuarios (en caso que nos autoricen a ello); Legitimaci\u00f3n: Consentimiento del interesado; Destinatarios: Sergi Ventura Conesa y proveedores legitimados externos; Plazo de conservaci\u00f3n de datos: Durante el tiempo que los necesitemos para prestar el servicio o para cumplir con la obligaciones legales; Cesi\u00f3n de datos: Nunca cederemos tus datos a nadie, excepto si nos obliga la ley. Si no rellenas el formulario no podremos prestar el servicio; Y obviamente puedes acceder, rectificar y suprimir tus datos, as\u00ed como otros derechos cuando quieras; Informaci\u00f3n adicional: Puedes consultar la informaci\u00f3n adicional y detallada sobre protecci\u00f3n de datos personales <a href=\"\/legal\" rel=\"nofollow\">aqu\u00ed<\/a>.<\/div><\/li><li id='field_1_8'  class='gfield gform_validation_container field_sublabel_below field_description_below gfield_visibility_visible' ><label class='gfield_label' for='input_1_8' >Name<\/label><div class='ginput_container'><input name='input_8' id='input_1_8' type='text' value='' \/><\/div><div class='gfield_description' id='gfield_description_1_8'>Este campo es un campo de validaci\u00f3n y debe quedar sin cambios.<\/div><\/li>\n                            <\/ul><\/div>\n        <div class='gform_footer top_label'> <input type='submit' id='gform_submit_button_1' class='gform_button button' value='Enviar'  onclick='if(window[\"gf_submitting_1\"]){return false;}  window[\"gf_submitting_1\"]=true;  ' onkeypress='if( event.keyCode == 13 ){ if(window[\"gf_submitting_1\"]){return false;} window[\"gf_submitting_1\"]=true;  jQuery(\"#gform_1\").trigger(\"submit\",[true]); }' \/> <input type='hidden' name='gform_ajax' value='form_id=1&amp;title=&amp;description=&amp;tabindex=0' \/>\n            <input type='hidden' class='gform_hidden' name='is_submit_1' value='1' \/>\n            <input type='hidden' class='gform_hidden' name='gform_submit' value='1' \/>\n            \n            <input type='hidden' class='gform_hidden' name='gform_unique_id' value='' \/>\n            <input type='hidden' class='gform_hidden' name='state_1' value='WyJbXSIsIjg2Yzk5NGQwZWU0ODQyZmZmYTVmZDJiODUzZWNmZmE1Il0=' \/>\n            <input type='hidden' class='gform_hidden' name='gform_target_page_number_1' id='gform_target_page_number_1' value='0' \/>\n            <input type='hidden' class='gform_hidden' name='gform_source_page_number_1' id='gform_source_page_number_1' value='1' \/>\n            <input type='hidden' name='gform_field_values' value='' \/>\n            \n        <\/div>\n                        <\/form>\n                        <\/div>\n                <iframe style='display:none;width:0px;height:0px;' src='about:blank' name='gform_ajax_frame_1' id='gform_ajax_frame_1' title='Este iframe contiene la l\u00f3gica necesaria para gestionar formularios con ajax activado.'><\/iframe>\n                <script type='text\/javascript'>jQuery(document).ready(function($){gformInitSpinner( 1, 'https:\/\/www.sergiventura.com\/wp-content\/plugins\/gravityforms\/images\/spinner.gif' );jQuery('#gform_ajax_frame_1').on('load',function(){var contents = jQuery(this).contents().find('*').html();var is_postback = contents.indexOf('GF_AJAX_POSTBACK') >= 0;if(!is_postback){return;}var form_content = jQuery(this).contents().find('#gform_wrapper_1');var is_confirmation = jQuery(this).contents().find('#gform_confirmation_wrapper_1').length > 0;var is_redirect = contents.indexOf('gformRedirect(){') >= 0;var is_form = form_content.length > 0 && ! is_redirect && ! is_confirmation;var mt = parseInt(jQuery('html').css('margin-top'), 10) + parseInt(jQuery('body').css('margin-top'), 10) + 100;if(is_form){jQuery('#gform_wrapper_1').html(form_content.html());if(form_content.hasClass('gform_validation_error')){jQuery('#gform_wrapper_1').addClass('gform_validation_error');} else {jQuery('#gform_wrapper_1').removeClass('gform_validation_error');}setTimeout( function() { \/* delay the scroll by 50 milliseconds to fix a bug in chrome *\/ jQuery(document).scrollTop(jQuery('#gform_wrapper_1').offset().top - mt); }, 50 );if(window['gformInitDatepicker']) {gformInitDatepicker();}if(window['gformInitPriceFields']) {gformInitPriceFields();}var current_page = jQuery('#gform_source_page_number_1').val();gformInitSpinner( 1, 'https:\/\/www.sergiventura.com\/wp-content\/plugins\/gravityforms\/images\/spinner.gif' );jQuery(document).trigger('gform_page_loaded', [1, current_page]);window['gf_submitting_1'] = false;}else if(!is_redirect){var confirmation_content = jQuery(this).contents().find('.GF_AJAX_POSTBACK').html();if(!confirmation_content){confirmation_content = contents;}setTimeout(function(){jQuery('#gform_wrapper_1').replaceWith(confirmation_content);jQuery(document).scrollTop(jQuery('#gf_1').offset().top - mt);jQuery(document).trigger('gform_confirmation_loaded', [1]);window['gf_submitting_1'] = false;}, 50);}else{jQuery('#gform_1').append(contents);if(window['gformRedirect']) {gformRedirect();}}jQuery(document).trigger('gform_post_render', [1, current_page]);} );} );<\/script><script type='text\/javascript'> jQuery(document).bind('gform_post_render', function(event, formId, currentPage){if(formId == 1) {if(typeof Placeholders != 'undefined'){\n                        Placeholders.enable();\n                    }} } );jQuery(document).bind('gform_post_conditional_logic', function(event, formId, fields, isInit){} );<\/script><script type='text\/javascript'> jQuery(document).ready(function(){jQuery(document).trigger('gform_post_render', [1, 1]) } ); <\/script>[\/vc_column][\/vc_row]<\/p>\n","protected":false},"excerpt":{"rendered":"<p>[vc_row][vc_column width=\u00bb2\/3&#8243;][vc_empty_space height=\u00bb34px\u00bb][vc_column_text el_class=\u00bbsmall\u00bb] Sergi Ventura [\/vc_column_text][vc_column_text] Mi objetivo es capturar una idea y convertirla en un dise\u00f1o ic\u00f3nico con funcionalidad y belleza para decorar espacios que quieren ser \u00fanicos. [\/vc_column_text][vc_empty_space height=\u00bb45px\u00bb][vc_column_text] Mi visi\u00f3n del dise\u00f1o [\/vc_column_text][vc_column_text] Me gusta buscar el l\u00edmite entre el arte y el dise\u00f1o funcional para poder explorar la belleza de [&hellip;]<\/p>\n","protected":false},"author":1,"featured_media":0,"parent":0,"menu_order":0,"comment_status":"closed","ping_status":"closed","template":"page-homepage.php","meta":[],"_links":{"self":[{"href":"https:\/\/www.sergiventura.com\/es\/wp-json\/wp\/v2\/pages\/1190"}],"collection":[{"href":"https:\/\/www.sergiventura.com\/es\/wp-json\/wp\/v2\/pages"}],"about":[{"href":"https:\/\/www.sergiventura.com\/es\/wp-json\/wp\/v2\/types\/page"}],"author":[{"embeddable":true,"href":"https:\/\/www.sergiventura.com\/es\/wp-json\/wp\/v2\/users\/1"}],"replies":[{"embeddable":true,"href":"https:\/\/www.sergiventura.com\/es\/wp-json\/wp\/v2\/comments?post=1190"}],"version-history":[{"count":10,"href":"https:\/\/www.sergiventura.com\/es\/wp-json\/wp\/v2\/pages\/1190\/revisions"}],"predecessor-version":[{"id":3846,"href":"https:\/\/www.sergiventura.com\/es\/wp-json\/wp\/v2\/pages\/1190\/revisions\/3846"}],"wp:attachment":[{"href":"https:\/\/www.sergiventura.com\/es\/wp-json\/wp\/v2\/media?parent=1190"}],"curies":[{"name":"wp","href":"https:\/\/api.w.org\/{rel}","templated":true}]}}