{"id":3862,"date":"2018-08-01T12:38:19","date_gmt":"2018-08-01T11:38:19","guid":{"rendered":"https:\/\/www.sergiventura.com\/?page_id=3862"},"modified":"2018-08-02T12:34:06","modified_gmt":"2018-08-02T11:34:06","slug":"diseno-a-medida","status":"publish","type":"page","link":"https:\/\/www.sergiventura.com\/es\/diseno-a-medida\/","title":{"rendered":"A medida"},"content":{"rendered":"<p>[vc_row content_placement=\u00bbbottom\u00bb][vc_column width=\u00bb2\/3&#8243;][vc_empty_space height=\u00bb34px\u00bb][vc_column_text el_class=\u00bbsmall\u00bb]<\/p>\n<h3>A medida<\/h3>\n<p>[\/vc_column_text][vc_column_text]<\/p>\n<h2>Dise\u00f1o y fabricaci\u00f3n de l\u00e1mparas a medida<\/h2>\n<p>[\/vc_column_text][vc_empty_space height=\u00bb15px\u00bb][vc_column_text]<\/p>\n<h3 style=\"padding-right: 20%;\">Traducimos tu idea en un l\u00e1mpara adaptada a un espacio \u00fanico.<\/h3>\n<p>[\/vc_column_text][vc_empty_space height=\u00bb34px\u00bb][vc_separator align=\u00bbalign_left\u00bb border_width=\u00bb3&#8243; el_width=\u00bb40&#8243; el_class=\u00bbarcoiris\u00bb][vc_empty_space height=\u00bb45px\u00bb][vc_column_text]Si buscas algo diferente y adaptado a tu espacio: para eso estamos aqu\u00ed. Te ofrecemos un servicio de dise\u00f1o de l\u00e1mparas a medida, donde dise\u00f1amos el producto, lo desarrollamos, llevamos a cabo la gesti\u00f3n del proceso de fabricaci\u00f3n y finalmente lo iluminamos con tecnolog\u00eda LED.<\/p>\n<p>El resultado siempre es \u00fanico.[\/vc_column_text][vc_column_text]Trabajamos estrechamente con nuestros clientes en cada paso del proceso de dise\u00f1o y fabricaci\u00f3n para garantizar los resultados deseados: cumpliendo plazos, presupuesto y especificaciones.[\/vc_column_text][\/vc_column][vc_column width=\u00bb1\/3&#8243;][vc_empty_space height=\u00bb20px\u00bb][vc_single_image image=\u00bb2415&#8243; img_size=\u00bbmedium\u00bb][vc_column_text]<\/p>\n<p style=\"text-align: center;\">Dorking, 2017<br \/>\n<em>L\u00e1mpara de pie LED<\/em><br \/>\n<b>Dise\u00f1o, desarrollo y gesti\u00f3n de 20 proveedores<\/b><br \/>\n<a href=\"https:\/\/www.sergiventura.com\/es\/coleccion\/\">Ver m\u00e1s proyectos &gt;<\/a><\/p>\n<p>[\/vc_column_text][vc_empty_space height=\u00bb15px\u00bb][\/vc_column][\/vc_row][vc_row content_placement=\u00bbbottom\u00bb][vc_column][vc_empty_space height=\u00bb80px\u00bb][vc_column_text]<\/p>\n<h2>El proceso de dise\u00f1o<\/h2>\n<p>Nuestros 4 pasos para el proceso de dise\u00f1o y fabricaci\u00f3n de una l\u00e1mpara a medida:[\/vc_column_text][vc_empty_space height=\u00bb30px\u00bb][vc_row_inner][vc_column_inner width=\u00bb1\/2&#8243;][vc_column_text]<\/p>\n<h3>1. Dise\u00f1o conceptual<\/h3>\n<p>Estudio del proyecto y dise\u00f1o conceptual de la l\u00e1mpara adaptada al espacio final seg\u00fan los requerimientos del cliente tanto a nivel de materiales y estilo como de iluminaci\u00f3n y ambiente.[\/vc_column_text][vc_empty_space height=\u00bb45px\u00bb][\/vc_column_inner][vc_column_inner width=\u00bb1\/2&#8243;][vc_column_text]<\/p>\n<h3>2. Desarrollo y valoraci\u00f3n<\/h3>\n<p>Desarrollo t\u00e9cnico para la obtenci\u00f3n de costes de fabricaci\u00f3n. B\u00fasqueda y gesti\u00f3n de proveedores.[\/vc_column_text][vc_empty_space height=\u00bb45px\u00bb][\/vc_column_inner][\/vc_row_inner][vc_row_inner][vc_column_inner width=\u00bb1\/2&#8243;][vc_column_text]<\/p>\n<h3>3. Prototipado<\/h3>\n<p>Prototipado de la l\u00e1mpara a nivel volum\u00e9trico y de materiales para verificar las medidas y est\u00e9tica del producto antes de pasar finalmente a su producci\u00f3n. Si se tiene que realizar m\u00e1s de 3 unidades, se realiza un prototipo funcional y m\u00e1s acurdado a la realidad.[\/vc_column_text][vc_empty_space height=\u00bb45px\u00bb][\/vc_column_inner][vc_column_inner width=\u00bb1\/2&#8243;][vc_column_text]<\/p>\n<h3>4. Producci\u00f3n<\/h3>\n<p>Gesti\u00f3n de proveedores para la fabricaci\u00f3n de la l\u00e1mpara de acuerdo con los est\u00e1ndares y normativa hasta el producto final y su instalaci\u00f3n.[\/vc_column_text][vc_empty_space height=\u00bb45px\u00bb][\/vc_column_inner][\/vc_row_inner][\/vc_column][\/vc_row][vc_row disable_element=\u00bbyes\u00bb][vc_column][vc_empty_space height=\u00bb80px\u00bb][vc_column_text]<\/p>\n<h2>Ejemplos<\/h2>\n<p>[\/vc_column_text][\/vc_column][\/vc_row][vc_row disable_element=\u00bbyes\u00bb][vc_column width=\u00bb1\/2&#8243;][vc_empty_space height=\u00bb45px\u00bb][vc_column_text]<\/p>\n<h3>Restaurante<\/h3>\n<p>[\/vc_column_text][vc_column_text]Un proyecto para un restaurante de Madrid donde el objetivo era diferenciarse de otros espacios con una sistema de iluminaci\u00f3n indirecta a partir de tecnolog\u00eda LED.[\/vc_column_text][\/vc_column][vc_column width=\u00bb1\/2&#8243;][vc_empty_space height=\u00bb45px\u00bb][vc_single_image image=\u00bb3528&#8243; img_size=\u00bbfull\u00bb][vc_empty_space height=\u00bb45px\u00bb][\/vc_column][\/vc_row][vc_row disable_element=\u00bbyes\u00bb][vc_column width=\u00bb1\/2&#8243;][vc_empty_space height=\u00bb45px\u00bb][vc_single_image image=\u00bb3528&#8243; img_size=\u00bbfull\u00bb][vc_empty_space height=\u00bb45px\u00bb][\/vc_column][vc_column width=\u00bb1\/2&#8243;][vc_empty_space height=\u00bb45px\u00bb][vc_column_text]<\/p>\n<h3>Hall hotel<\/h3>\n<p>[\/vc_column_text][vc_column_text]I am text block. Click edit button to change this text. Lorem ipsum dolor sit amet, consectetur adipiscing elit. Ut elit tellus, luctus nec ullamcorper mattis, pulvinar dapibus leo.[\/vc_column_text][\/vc_column][\/vc_row][vc_row disable_element=\u00bbyes\u00bb][vc_column width=\u00bb1\/2&#8243;][vc_empty_space height=\u00bb45px\u00bb][vc_column_text]<\/p>\n<h3>Vivienda particular<\/h3>\n<p>[\/vc_column_text][vc_column_text]I am text block. Click edit button to change this text. Lorem ipsum dolor sit amet, consectetur adipiscing elit. Ut elit tellus, luctus nec ullamcorper mattis, pulvinar dapibus leo.[\/vc_column_text][\/vc_column][vc_column width=\u00bb1\/2&#8243;][vc_empty_space height=\u00bb45px\u00bb][vc_single_image image=\u00bb3528&#8243; img_size=\u00bbfull\u00bb][vc_empty_space height=\u00bb45px\u00bb][\/vc_column][\/vc_row][vc_row disable_element=\u00bbyes\u00bb][vc_column width=\u00bb1\/2&#8243;][vc_empty_space height=\u00bb45px\u00bb][vc_single_image image=\u00bb3528&#8243; img_size=\u00bbfull\u00bb][vc_empty_space height=\u00bb45px\u00bb][\/vc_column][vc_column width=\u00bb1\/2&#8243;][vc_empty_space height=\u00bb45px\u00bb][vc_column_text]<\/p>\n<h3>Restaurante<\/h3>\n<p>[\/vc_column_text][vc_column_text]I am text block. Click edit button to change this text. Lorem ipsum dolor sit amet, consectetur adipiscing elit. Ut elit tellus, luctus nec ullamcorper mattis, pulvinar dapibus leo.[\/vc_column_text][vc_empty_space height=\u00bb45px\u00bb][\/vc_column][\/vc_row][vc_row content_placement=\u00bbmiddle\u00bb][vc_column width=\u00bb2\/3&#8243;][vc_empty_space height=\u00bb45px\u00bb][vc_column_text]<\/p>\n<h4>Contactar<\/h4>\n<p>[\/vc_column_text][vc_column_text]Ante cualquier duda pueden utilizar el formulario o enviarme un correo a <strong>info@sergiventura.com<\/strong>[\/vc_column_text]\n                <div class='gf_browser_gecko gform_wrapper contact_wrapper' id='gform_wrapper_1' ><div id='gf_1' class='gform_anchor' tabindex='-1'><\/div><form method='post' enctype='multipart\/form-data' target='gform_ajax_frame_1' id='gform_1' class='contact' action='\/es\/wp-json\/wp\/v2\/pages\/3862#gf_1'>\n                        <div class='gform_body'><ul id='gform_fields_1' class='gform_fields top_label form_sublabel_below description_below'><li id='field_1_1'  class='gfield gf_left_half gfield_contains_required field_sublabel_below field_description_below gfield_visibility_visible' ><label class='gfield_label' for='input_1_1' ><span class='gfield_required'>*<\/span><\/label><div class='ginput_container ginput_container_text'><input name='input_1' id='input_1_1' type='text' value='' class='large'    placeholder='Nombre' aria-required=\"true\" aria-invalid=\"false\" \/><\/div><\/li><li id='field_1_2'  class='gfield gf_right_half gfield_contains_required field_sublabel_below field_description_below gfield_visibility_visible' ><label class='gfield_label' for='input_1_2' ><span class='gfield_required'>*<\/span><\/label><div class='ginput_container ginput_container_email'>\n                            <input name='input_2' id='input_1_2' type='text' value='' class='large'   placeholder='Email' aria-required=\"true\" aria-invalid=\"false\" \/>\n                        <\/div><\/li><li id='field_1_6'  class='gfield gform_hidden field_sublabel_below field_description_below gfield_visibility_visible' ><input name='input_6' id='input_1_6' type='hidden' class='gform_hidden'  aria-invalid=\"false\" value='https:\/\/www.sergiventura.com\/es\/wp-json\/wp\/v2\/pages\/3862' \/><\/li><li id='field_1_5'  class='gfield gfield_contains_required field_sublabel_below field_description_below gfield_visibility_visible' ><label class='gfield_label' for='input_1_5' ><span class='gfield_required'>*<\/span><\/label><div class='ginput_container ginput_container_textarea'><textarea name='input_5' id='input_1_5' class='textarea medium'    placeholder='Mensaje' aria-required=\"true\" aria-invalid=\"false\"   rows='10' cols='50'><\/textarea><\/div><\/li><li id='field_1_7'  class='gfield gfield_contains_required field_sublabel_below field_description_below gfield_visibility_visible' ><label class='gfield_label'  ><span class='gfield_required'>*<\/span><\/label><div class='ginput_container ginput_container_checkbox'><ul class='gfield_checkbox' id='input_1_7'><li class='gchoice_1_7_1'>\n\t\t\t\t\t\t\t\t<input name='input_7.1' type='checkbox'  value='Acepto la pol\u00edtica de privacidad y doy el consentimiento informado.'  id='choice_1_7_1'   \/>\n\t\t\t\t\t\t\t\t<label for='choice_1_7_1' id='label_1_7_1'>Acepto la pol\u00edtica de privacidad y doy el consentimiento informado.<\/label>\n\t\t\t\t\t\t\t<\/li><\/ul><\/div><div class='gfield_description' id='gfield_description_1_7'><strong>Informaci\u00f3n b\u00e1sica sobre protecci\u00f3n de datos:<\/strong> Responsable: Sergi Ventura Conesa. Finalidad: desarrollar su actividad comercial y remitir comunicaciones comerciales a los usuarios (en caso que nos autoricen a ello); Legitimaci\u00f3n: Consentimiento del interesado; Destinatarios: Sergi Ventura Conesa y proveedores legitimados externos; Plazo de conservaci\u00f3n de datos: Durante el tiempo que los necesitemos para prestar el servicio o para cumplir con la obligaciones legales; Cesi\u00f3n de datos: Nunca cederemos tus datos a nadie, excepto si nos obliga la ley. Si no rellenas el formulario no podremos prestar el servicio; Y obviamente puedes acceder, rectificar y suprimir tus datos, as\u00ed como otros derechos cuando quieras; Informaci\u00f3n adicional: Puedes consultar la informaci\u00f3n adicional y detallada sobre protecci\u00f3n de datos personales <a href=\"\/legal\" rel=\"nofollow\">aqu\u00ed<\/a>.<\/div><\/li><li id='field_1_8'  class='gfield gform_validation_container field_sublabel_below field_description_below gfield_visibility_visible' ><label class='gfield_label' for='input_1_8' >Name<\/label><div class='ginput_container'><input name='input_8' id='input_1_8' type='text' value='' \/><\/div><div class='gfield_description' id='gfield_description_1_8'>Este campo es un campo de validaci\u00f3n y debe quedar sin cambios.<\/div><\/li>\n                            <\/ul><\/div>\n        <div class='gform_footer top_label'> <input type='submit' id='gform_submit_button_1' class='gform_button button' value='Enviar'  onclick='if(window[\"gf_submitting_1\"]){return false;}  window[\"gf_submitting_1\"]=true;  ' onkeypress='if( event.keyCode == 13 ){ if(window[\"gf_submitting_1\"]){return false;} window[\"gf_submitting_1\"]=true;  jQuery(\"#gform_1\").trigger(\"submit\",[true]); }' \/> <input type='hidden' name='gform_ajax' value='form_id=1&amp;title=&amp;description=&amp;tabindex=0' \/>\n            <input type='hidden' class='gform_hidden' name='is_submit_1' value='1' \/>\n            <input type='hidden' class='gform_hidden' name='gform_submit' value='1' \/>\n            \n            <input type='hidden' class='gform_hidden' name='gform_unique_id' value='' \/>\n            <input type='hidden' class='gform_hidden' name='state_1' value='WyJbXSIsIjg2Yzk5NGQwZWU0ODQyZmZmYTVmZDJiODUzZWNmZmE1Il0=' \/>\n            <input type='hidden' class='gform_hidden' name='gform_target_page_number_1' id='gform_target_page_number_1' value='0' \/>\n            <input type='hidden' class='gform_hidden' name='gform_source_page_number_1' id='gform_source_page_number_1' value='1' \/>\n            <input type='hidden' name='gform_field_values' value='' \/>\n            \n        <\/div>\n                        <\/form>\n                        <\/div>\n                <iframe style='display:none;width:0px;height:0px;' src='about:blank' name='gform_ajax_frame_1' id='gform_ajax_frame_1' title='Este iframe contiene la l\u00f3gica necesaria para gestionar formularios con ajax activado.'><\/iframe>\n                <script type='text\/javascript'>jQuery(document).ready(function($){gformInitSpinner( 1, 'https:\/\/www.sergiventura.com\/wp-content\/plugins\/gravityforms\/images\/spinner.gif' );jQuery('#gform_ajax_frame_1').on('load',function(){var contents = jQuery(this).contents().find('*').html();var is_postback = contents.indexOf('GF_AJAX_POSTBACK') >= 0;if(!is_postback){return;}var form_content = jQuery(this).contents().find('#gform_wrapper_1');var is_confirmation = jQuery(this).contents().find('#gform_confirmation_wrapper_1').length > 0;var is_redirect = contents.indexOf('gformRedirect(){') >= 0;var is_form = form_content.length > 0 && ! is_redirect && ! is_confirmation;var mt = parseInt(jQuery('html').css('margin-top'), 10) + parseInt(jQuery('body').css('margin-top'), 10) + 100;if(is_form){jQuery('#gform_wrapper_1').html(form_content.html());if(form_content.hasClass('gform_validation_error')){jQuery('#gform_wrapper_1').addClass('gform_validation_error');} else {jQuery('#gform_wrapper_1').removeClass('gform_validation_error');}setTimeout( function() { \/* delay the scroll by 50 milliseconds to fix a bug in chrome *\/ jQuery(document).scrollTop(jQuery('#gform_wrapper_1').offset().top - mt); }, 50 );if(window['gformInitDatepicker']) {gformInitDatepicker();}if(window['gformInitPriceFields']) {gformInitPriceFields();}var current_page = jQuery('#gform_source_page_number_1').val();gformInitSpinner( 1, 'https:\/\/www.sergiventura.com\/wp-content\/plugins\/gravityforms\/images\/spinner.gif' );jQuery(document).trigger('gform_page_loaded', [1, current_page]);window['gf_submitting_1'] = false;}else if(!is_redirect){var confirmation_content = jQuery(this).contents().find('.GF_AJAX_POSTBACK').html();if(!confirmation_content){confirmation_content = contents;}setTimeout(function(){jQuery('#gform_wrapper_1').replaceWith(confirmation_content);jQuery(document).scrollTop(jQuery('#gf_1').offset().top - mt);jQuery(document).trigger('gform_confirmation_loaded', [1]);window['gf_submitting_1'] = false;}, 50);}else{jQuery('#gform_1').append(contents);if(window['gformRedirect']) {gformRedirect();}}jQuery(document).trigger('gform_post_render', [1, current_page]);} );} );<\/script><script type='text\/javascript'> jQuery(document).bind('gform_post_render', function(event, formId, currentPage){if(formId == 1) {if(typeof Placeholders != 'undefined'){\n                        Placeholders.enable();\n                    }} } );jQuery(document).bind('gform_post_conditional_logic', function(event, formId, fields, isInit){} );<\/script><script type='text\/javascript'> jQuery(document).ready(function(){jQuery(document).trigger('gform_post_render', [1, 1]) } ); <\/script>[vc_empty_space][\/vc_column][vc_column width=\u00bb1\/3&#8243;][vc_empty_space height=\u00bb45px\u00bb][vc_single_image image=\u00bb2490&#8243; img_size=\u00bblarge\u00bb][vc_column_text]<\/p>\n<p style=\"text-align: center;\">Light n Roll, 2017<br \/>\n<em>L\u00e1mpara colgante<\/em><br \/>\n<b>Dise\u00f1o, desarrollo y gesti\u00f3n de 15 proveedores<\/b><\/p>\n<p>[\/vc_column_text][vc_empty_space height=\u00bb20px\u00bb][\/vc_column][\/vc_row]<\/p>\n","protected":false},"excerpt":{"rendered":"<p>[vc_row content_placement=\u00bbbottom\u00bb][vc_column width=\u00bb2\/3&#8243;][vc_empty_space height=\u00bb34px\u00bb][vc_column_text el_class=\u00bbsmall\u00bb] A medida [\/vc_column_text][vc_column_text] Dise\u00f1o y fabricaci\u00f3n de l\u00e1mparas a medida [\/vc_column_text][vc_empty_space height=\u00bb15px\u00bb][vc_column_text] Traducimos tu idea en un l\u00e1mpara adaptada a un espacio \u00fanico. [\/vc_column_text][vc_empty_space height=\u00bb34px\u00bb][vc_separator align=\u00bbalign_left\u00bb border_width=\u00bb3&#8243; el_width=\u00bb40&#8243; el_class=\u00bbarcoiris\u00bb][vc_empty_space height=\u00bb45px\u00bb][vc_column_text]Si buscas algo diferente y adaptado a tu espacio: para eso estamos aqu\u00ed. Te ofrecemos un servicio de dise\u00f1o de l\u00e1mparas [&hellip;]<\/p>\n","protected":false},"author":1,"featured_media":0,"parent":0,"menu_order":0,"comment_status":"closed","ping_status":"closed","template":"page-homepage.php","meta":[],"_links":{"self":[{"href":"https:\/\/www.sergiventura.com\/es\/wp-json\/wp\/v2\/pages\/3862"}],"collection":[{"href":"https:\/\/www.sergiventura.com\/es\/wp-json\/wp\/v2\/pages"}],"about":[{"href":"https:\/\/www.sergiventura.com\/es\/wp-json\/wp\/v2\/types\/page"}],"author":[{"embeddable":true,"href":"https:\/\/www.sergiventura.com\/es\/wp-json\/wp\/v2\/users\/1"}],"replies":[{"embeddable":true,"href":"https:\/\/www.sergiventura.com\/es\/wp-json\/wp\/v2\/comments?post=3862"}],"version-history":[{"count":9,"href":"https:\/\/www.sergiventura.com\/es\/wp-json\/wp\/v2\/pages\/3862\/revisions"}],"predecessor-version":[{"id":3939,"href":"https:\/\/www.sergiventura.com\/es\/wp-json\/wp\/v2\/pages\/3862\/revisions\/3939"}],"wp:attachment":[{"href":"https:\/\/www.sergiventura.com\/es\/wp-json\/wp\/v2\/media?parent=3862"}],"curies":[{"name":"wp","href":"https:\/\/api.w.org\/{rel}","templated":true}]}}